{"id":3639,"date":"2022-11-10T15:14:59","date_gmt":"2022-11-10T14:14:59","guid":{"rendered":"https:\/\/www.anve.it\/phytoweb\/?page_id=3639"},"modified":"2023-05-26T14:20:33","modified_gmt":"2023-05-26T12:20:33","slug":"informativa-privacy","status":"publish","type":"page","link":"https:\/\/www.anve.it\/phytoweb\/informativa-privacy\/","title":{"rendered":"Informativa Privacy"},"content":{"rendered":"\t\t<div data-elementor-type=\"wp-page\" data-elementor-id=\"3639\" class=\"elementor elementor-3639\" data-elementor-post-type=\"page\">\n\t\t\t\t\t\t\t<div class=\"elementor-element elementor-element-7889602 e-con-full e-flex e-con e-parent\" data-id=\"7889602\" data-element_type=\"container\" data-settings=\"{&quot;content_width&quot;:&quot;full&quot;,&quot;background_background&quot;:&quot;classic&quot;}\" data-core-v316-plus=\"true\">\n\t\t\t\t<\/div>\n\t\t\t\t<section class=\"elementor-section elementor-top-section elementor-element elementor-element-576490c9 elementor-section-boxed elementor-section-height-default elementor-section-height-default\" data-id=\"576490c9\" data-element_type=\"section\">\n\t\t\t\t\t\t<div class=\"elementor-container elementor-column-gap-default\">\n\t\t\t\t\t<div class=\"elementor-column elementor-col-100 elementor-top-column elementor-element elementor-element-1765e8a4\" data-id=\"1765e8a4\" data-element_type=\"column\">\n\t\t\t<div class=\"elementor-widget-wrap elementor-element-populated\">\n\t\t\t\t\t\t\t\t<div class=\"elementor-element elementor-element-65e56c4 elementor-widget elementor-widget-spacer\" data-id=\"65e56c4\" data-element_type=\"widget\" data-widget_type=\"spacer.default\">\n\t\t\t\t<div class=\"elementor-widget-container\">\n\t\t\t<style>\/*! elementor - v3.16.0 - 17-10-2023 *\/\n.elementor-column .elementor-spacer-inner{height:var(--spacer-size)}.e-con{--container-widget-width:100%}.e-con-inner>.elementor-widget-spacer,.e-con>.elementor-widget-spacer{width:var(--container-widget-width,var(--spacer-size));--align-self:var(--container-widget-align-self,initial);--flex-shrink:0}.e-con-inner>.elementor-widget-spacer>.elementor-widget-container,.e-con>.elementor-widget-spacer>.elementor-widget-container{height:100%;width:100%}.e-con-inner>.elementor-widget-spacer>.elementor-widget-container>.elementor-spacer,.e-con>.elementor-widget-spacer>.elementor-widget-container>.elementor-spacer{height:100%}.e-con-inner>.elementor-widget-spacer>.elementor-widget-container>.elementor-spacer>.elementor-spacer-inner,.e-con>.elementor-widget-spacer>.elementor-widget-container>.elementor-spacer>.elementor-spacer-inner{height:var(--container-widget-height,var(--spacer-size))}.e-con-inner>.elementor-widget-spacer.elementor-widget-empty,.e-con>.elementor-widget-spacer.elementor-widget-empty{position:relative;min-height:22px;min-width:22px}.e-con-inner>.elementor-widget-spacer.elementor-widget-empty .elementor-widget-empty-icon,.e-con>.elementor-widget-spacer.elementor-widget-empty .elementor-widget-empty-icon{position:absolute;top:0;bottom:0;left:0;right:0;margin:auto;padding:0;width:22px;height:22px}<\/style>\t\t<div class=\"elementor-spacer\">\n\t\t\t<div class=\"elementor-spacer-inner\"><\/div>\n\t\t<\/div>\n\t\t\t\t<\/div>\n\t\t\t\t<\/div>\n\t\t\t\t<div class=\"elementor-element elementor-element-1848832a elementor-widget elementor-widget-heading\" data-id=\"1848832a\" data-element_type=\"widget\" data-widget_type=\"heading.default\">\n\t\t\t\t<div class=\"elementor-widget-container\">\n\t\t\t<style>\/*! elementor - v3.16.0 - 17-10-2023 *\/\n.elementor-heading-title{padding:0;margin:0;line-height:1}.elementor-widget-heading .elementor-heading-title[class*=elementor-size-]>a{color:inherit;font-size:inherit;line-height:inherit}.elementor-widget-heading .elementor-heading-title.elementor-size-small{font-size:15px}.elementor-widget-heading .elementor-heading-title.elementor-size-medium{font-size:19px}.elementor-widget-heading .elementor-heading-title.elementor-size-large{font-size:29px}.elementor-widget-heading .elementor-heading-title.elementor-size-xl{font-size:39px}.elementor-widget-heading .elementor-heading-title.elementor-size-xxl{font-size:59px}<\/style><h3 class=\"elementor-heading-title elementor-size-default\">INFORMATIVA PRIVACY<\/h3>\t\t<\/div>\n\t\t\t\t<\/div>\n\t\t\t\t<div class=\"elementor-element elementor-element-e335705 elementor-widget-divider--view-line elementor-widget elementor-widget-divider\" data-id=\"e335705\" data-element_type=\"widget\" data-widget_type=\"divider.default\">\n\t\t\t\t<div class=\"elementor-widget-container\">\n\t\t\t<style>\/*! elementor - v3.16.0 - 17-10-2023 *\/\n.elementor-widget-divider{--divider-border-style:none;--divider-border-width:1px;--divider-color:#0c0d0e;--divider-icon-size:20px;--divider-element-spacing:10px;--divider-pattern-height:24px;--divider-pattern-size:20px;--divider-pattern-url:none;--divider-pattern-repeat:repeat-x}.elementor-widget-divider .elementor-divider{display:flex}.elementor-widget-divider .elementor-divider__text{font-size:15px;line-height:1;max-width:95%}.elementor-widget-divider .elementor-divider__element{margin:0 var(--divider-element-spacing);flex-shrink:0}.elementor-widget-divider .elementor-icon{font-size:var(--divider-icon-size)}.elementor-widget-divider .elementor-divider-separator{display:flex;margin:0;direction:ltr}.elementor-widget-divider--view-line_icon .elementor-divider-separator,.elementor-widget-divider--view-line_text .elementor-divider-separator{align-items:center}.elementor-widget-divider--view-line_icon .elementor-divider-separator:after,.elementor-widget-divider--view-line_icon .elementor-divider-separator:before,.elementor-widget-divider--view-line_text .elementor-divider-separator:after,.elementor-widget-divider--view-line_text .elementor-divider-separator:before{display:block;content:\"\";border-bottom:0;flex-grow:1;border-top:var(--divider-border-width) var(--divider-border-style) var(--divider-color)}.elementor-widget-divider--element-align-left .elementor-divider .elementor-divider-separator>.elementor-divider__svg:first-of-type{flex-grow:0;flex-shrink:100}.elementor-widget-divider--element-align-left .elementor-divider-separator:before{content:none}.elementor-widget-divider--element-align-left .elementor-divider__element{margin-left:0}.elementor-widget-divider--element-align-right .elementor-divider .elementor-divider-separator>.elementor-divider__svg:last-of-type{flex-grow:0;flex-shrink:100}.elementor-widget-divider--element-align-right .elementor-divider-separator:after{content:none}.elementor-widget-divider--element-align-right .elementor-divider__element{margin-right:0}.elementor-widget-divider:not(.elementor-widget-divider--view-line_text):not(.elementor-widget-divider--view-line_icon) .elementor-divider-separator{border-top:var(--divider-border-width) var(--divider-border-style) var(--divider-color)}.elementor-widget-divider--separator-type-pattern{--divider-border-style:none}.elementor-widget-divider--separator-type-pattern.elementor-widget-divider--view-line .elementor-divider-separator,.elementor-widget-divider--separator-type-pattern:not(.elementor-widget-divider--view-line) .elementor-divider-separator:after,.elementor-widget-divider--separator-type-pattern:not(.elementor-widget-divider--view-line) .elementor-divider-separator:before,.elementor-widget-divider--separator-type-pattern:not([class*=elementor-widget-divider--view]) .elementor-divider-separator{width:100%;min-height:var(--divider-pattern-height);-webkit-mask-size:var(--divider-pattern-size) 100%;mask-size:var(--divider-pattern-size) 100%;-webkit-mask-repeat:var(--divider-pattern-repeat);mask-repeat:var(--divider-pattern-repeat);background-color:var(--divider-color);-webkit-mask-image:var(--divider-pattern-url);mask-image:var(--divider-pattern-url)}.elementor-widget-divider--no-spacing{--divider-pattern-size:auto}.elementor-widget-divider--bg-round{--divider-pattern-repeat:round}.rtl .elementor-widget-divider .elementor-divider__text{direction:rtl}.e-con-inner>.elementor-widget-divider,.e-con>.elementor-widget-divider{width:var(--container-widget-width,100%);--flex-grow:var(--container-widget-flex-grow)}<\/style>\t\t<div class=\"elementor-divider\">\n\t\t\t<span class=\"elementor-divider-separator\">\n\t\t\t\t\t\t<\/span>\n\t\t<\/div>\n\t\t\t\t<\/div>\n\t\t\t\t<\/div>\n\t\t\t\t<div class=\"elementor-element elementor-element-91b122a elementor-widget elementor-widget-text-editor\" data-id=\"91b122a\" data-element_type=\"widget\" data-widget_type=\"text-editor.default\">\n\t\t\t\t<div class=\"elementor-widget-container\">\n\t\t\t<style>\/*! elementor - v3.16.0 - 17-10-2023 *\/\n.elementor-widget-text-editor.elementor-drop-cap-view-stacked .elementor-drop-cap{background-color:#69727d;color:#fff}.elementor-widget-text-editor.elementor-drop-cap-view-framed .elementor-drop-cap{color:#69727d;border:3px solid;background-color:transparent}.elementor-widget-text-editor:not(.elementor-drop-cap-view-default) .elementor-drop-cap{margin-top:8px}.elementor-widget-text-editor:not(.elementor-drop-cap-view-default) .elementor-drop-cap-letter{width:1em;height:1em}.elementor-widget-text-editor .elementor-drop-cap{float:left;text-align:center;line-height:1;font-size:50px}.elementor-widget-text-editor .elementor-drop-cap-letter{display:inline-block}<\/style>\t\t\t\t<p><strong>ANVE \u2013 Associazione Nazionale Vivaisti Esportatori<\/strong>, in qualit\u00e0 di Titolare del trattamento, con la presente La informa ai sensi dell\u2019articolo 13 del Regolamento UE 2016\/679 in materia protezione dei dati personali (di seguito Regolamento), che i dati da Lei forniti verranno trattati come segue:<\/p>\t\t\t\t\t\t<\/div>\n\t\t\t\t<\/div>\n\t\t\t\t<div class=\"elementor-element elementor-element-7545cde elementor-widget elementor-widget-heading\" data-id=\"7545cde\" data-element_type=\"widget\" data-widget_type=\"heading.default\">\n\t\t\t\t<div class=\"elementor-widget-container\">\n\t\t\t<h2 class=\"elementor-heading-title elementor-size-default\">Tipologia di dati trattati<\/h2>\t\t<\/div>\n\t\t\t\t<\/div>\n\t\t\t\t<div class=\"elementor-element elementor-element-44e4779 elementor-widget elementor-widget-text-editor\" data-id=\"44e4779\" data-element_type=\"widget\" data-widget_type=\"text-editor.default\">\n\t\t\t\t<div class=\"elementor-widget-container\">\n\t\t\t\t\t\t\tPotranno essere oggetto di trattamento i seguenti dati: dati anagrafici e di contatto quali, nome e cognome, azienda di appartenenza, indirizzo, codice fiscale e P.IVA, nonch\u00e9 indirizzo e-mail e numero di telefono.\t\t\t\t\t\t<\/div>\n\t\t\t\t<\/div>\n\t\t\t\t<div class=\"elementor-element elementor-element-69cace2 elementor-widget elementor-widget-heading\" data-id=\"69cace2\" data-element_type=\"widget\" data-widget_type=\"heading.default\">\n\t\t\t\t<div class=\"elementor-widget-container\">\n\t\t\t<h2 class=\"elementor-heading-title elementor-size-default\">Finalit\u00e0 del trattamento<\/h2>\t\t<\/div>\n\t\t\t\t<\/div>\n\t\t\t\t<div class=\"elementor-element elementor-element-4eb1c8c elementor-widget elementor-widget-text-editor\" data-id=\"4eb1c8c\" data-element_type=\"widget\" data-widget_type=\"text-editor.default\">\n\t\t\t\t<div class=\"elementor-widget-container\">\n\t\t\t\t\t\t\tI dati personali indicati nel form di registrazione al sito web saranno trattati per la creazione di un account personale necessario per accedere ai servizi e alle informazioni messe a disposizione da <b>ANVE \u2013 Associazione Nazionale Vivaisti Esportatori<\/b> nel portale <a href=\"www.anve.it\/phytoweb\">www.anve.it\/phytoweb<\/a>.\n<br><br>\nI Suoi dati, previo Suo espresso consenso, potranno essere comunicati a ICE-Agenzia per la promozione all\u2019estero e l\u2019internazionalizzazione delle imprese italiane (di seguito anche solo ICE) per inviarle comunicazioni inerenti la propria attivit\u00e0 di informazione, assistenza, consulenza, promozione e formazione, tramite newsletter.\t\t\t\t\t\t<\/div>\n\t\t\t\t<\/div>\n\t\t\t\t<div class=\"elementor-element elementor-element-138f154 elementor-widget elementor-widget-heading\" data-id=\"138f154\" data-element_type=\"widget\" data-widget_type=\"heading.default\">\n\t\t\t\t<div class=\"elementor-widget-container\">\n\t\t\t<h2 class=\"elementor-heading-title elementor-size-default\">Base giuridica e conferimento<\/h2>\t\t<\/div>\n\t\t\t\t<\/div>\n\t\t\t\t<div class=\"elementor-element elementor-element-9e9103c elementor-widget elementor-widget-text-editor\" data-id=\"9e9103c\" data-element_type=\"widget\" data-widget_type=\"text-editor.default\">\n\t\t\t\t<div class=\"elementor-widget-container\">\n\t\t\t\t\t\t\tIl trattamento dei Suoi dati per la registrazione al sito si basa sull&#8217;esecuzione di un contratto di cui Lei \u00e8 parte o l&#8217;esecuzione di misure precontrattuali adottate su Sua richiesta. Il conferimento delle informazioni richieste \u00e8 necessario per accedere all\u2019 area riservata del sito, e il rifiuto a conferirle determiner\u00e0 l\u2019impossibilit\u00e0 di creare l\u2019account utente necessario per effettuare l\u2019accesso.\n<br>\nLa comunicazione dei Suoi dati a ICE \u00e8 invece basata sul consenso da Lei espresso. Le ricordiamo che ha la facolt\u00e0 di revocarlo in qualsiasi momento e con la stessa facilit\u00e0 con cui era stato precedentemente prestato.\t\t\t\t\t\t<\/div>\n\t\t\t\t<\/div>\n\t\t\t\t<div class=\"elementor-element elementor-element-c639465 elementor-widget elementor-widget-heading\" data-id=\"c639465\" data-element_type=\"widget\" data-widget_type=\"heading.default\">\n\t\t\t\t<div class=\"elementor-widget-container\">\n\t\t\t<h2 class=\"elementor-heading-title elementor-size-default\">Tempi di conservazione<\/h2>\t\t<\/div>\n\t\t\t\t<\/div>\n\t\t\t\t<div class=\"elementor-element elementor-element-38249a9 elementor-widget elementor-widget-text-editor\" data-id=\"38249a9\" data-element_type=\"widget\" data-widget_type=\"text-editor.default\">\n\t\t\t\t<div class=\"elementor-widget-container\">\n\t\t\t\t\t\t\tI dati personali trattati saranno conservati fino alla Sua richiesta di cancellazione dell\u2019account.\n<br>\nIn merito alla finalit\u00e0 di comunicazione dei dati a ICE, i Suoi dati verranno trattati fino a eventuale revoca del consenso. Tale revoca non pregiudica i trattamenti effettuati prima della stessa.\t\t\t\t\t\t<\/div>\n\t\t\t\t<\/div>\n\t\t\t\t<div class=\"elementor-element elementor-element-f8f0d3f elementor-widget elementor-widget-heading\" data-id=\"f8f0d3f\" data-element_type=\"widget\" data-widget_type=\"heading.default\">\n\t\t\t\t<div class=\"elementor-widget-container\">\n\t\t\t<h2 class=\"elementor-heading-title elementor-size-default\">Destinatari dei dati personali<\/h2>\t\t<\/div>\n\t\t\t\t<\/div>\n\t\t\t\t<div class=\"elementor-element elementor-element-a2a1896 elementor-widget elementor-widget-text-editor\" data-id=\"a2a1896\" data-element_type=\"widget\" data-widget_type=\"text-editor.default\">\n\t\t\t\t<div class=\"elementor-widget-container\">\n\t\t\t\t\t\t\tI dati personali da Lei forniti saranno trattati da personale incaricato, opportunamente istruito e operante sotto l\u2019autorit\u00e0 e la responsabilit\u00e0 del Titolare nonch\u00e9 da soggetti terzi che forniscono servizi strumentali, tra cui servizi di comunicazione, posta elettronica, servizi tecnici per la gestione del Sito e fornitori di servizi informatici.\n<br><br>\nAlcune informazioni, quali PIVA e ragione sociale, verranno comunicati a ICE-, quale finanziatore del progetto phytoweb, per finalit\u00e0 di rendicontazione e trasparenza.\nTale comunicazione dei dati a ICE si basa sugli obblighi di trasparenza e imparzialit\u00e0 che disciplinano le modalit\u00e0 di concessione di vantaggi economici degli enti amministrativi (L. 241\/90 integrata dalla L. 15\/2005 in relazione alla trasparenza e L. 69\/2009 relativamente all\u2019imparzialit\u00e0; L. 196\/2009 con riferimento ai principi contabili). Maggiori informazioni circa le attivit\u00e0 di ICE sono presenti al seguente link <a href=\"https:\/\/www.ice.it\/it\">www.ice.it<\/a>\n<br><br>\nAi soggetti sopra indicati saranno comunicati solo i dati strettamente necessari per l\u2019espletamento delle relative funzioni. L&#8217;elenco aggiornato di tutti i destinatari \u00e8 disponibile presso la sede del Titolare del trattamento e verr\u00e0 fornito a richiesta dell\u2019interessato scrivendo al seguente indirizzo e-mail <a href=\"mailto:segreteria@anve.it\">segreteria@anve.it<\/a>.\t\t\t\t\t\t<\/div>\n\t\t\t\t<\/div>\n\t\t\t\t<div class=\"elementor-element elementor-element-dd47534 elementor-widget elementor-widget-heading\" data-id=\"dd47534\" data-element_type=\"widget\" data-widget_type=\"heading.default\">\n\t\t\t\t<div class=\"elementor-widget-container\">\n\t\t\t<h2 class=\"elementor-heading-title elementor-size-default\">I suoi diritti<\/h2>\t\t<\/div>\n\t\t\t\t<\/div>\n\t\t\t\t<div class=\"elementor-element elementor-element-b751548 elementor-widget elementor-widget-text-editor\" data-id=\"b751548\" data-element_type=\"widget\" data-widget_type=\"text-editor.default\">\n\t\t\t\t<div class=\"elementor-widget-container\">\n\t\t\t\t\t\t\tLa informiamo inoltre che, relativamente ai dati medesimi, pu\u00f2 esercitare in qualsiasi momento i diritti previsti dal CAPO III del Regolamento. In particolare, Lei ha diritto di chiedere al Titolare l\u2019accesso ai dati che la riguardano, la loro rettifica o la cancellazione, l\u2019integrazione dei dati incompleti, la limitazione del trattamento; di ricevere i dati in un formato strutturato, di uso comune e leggibile da dispositivo automatico; di opporsi in tutto o in parte all\u2019utilizzo dei dati, nonch\u00e9 di esercitare gli altri diritti a Lei riconosciuti dalla disciplina applicabile. Tali diritti possono essere esercitati scrivendo a mezzo posta ai recapiti sotto indicati oppure tramite posta elettronica al seguente indirizzo e-mail: <a href=\"segreteria@anve.it\">segreteria@anve.it<\/a>.\n<br>\nAi sensi dell\u2019art. 77 del Regolamento UE 2016\/679, inoltre, Lei ha diritto di proporre reclamo all\u2019Autorit\u00e0 Garante per la Protezione dei Dati nel caso in cui ritenga che il trattamento violi il citato Regolamento.\t\t\t\t\t\t<\/div>\n\t\t\t\t<\/div>\n\t\t\t\t<div class=\"elementor-element elementor-element-9635b96 elementor-widget elementor-widget-heading\" data-id=\"9635b96\" data-element_type=\"widget\" data-widget_type=\"heading.default\">\n\t\t\t\t<div class=\"elementor-widget-container\">\n\t\t\t<h2 class=\"elementor-heading-title elementor-size-default\">Dati di contatto del titolare del trattamento<\/h2>\t\t<\/div>\n\t\t\t\t<\/div>\n\t\t\t\t<div class=\"elementor-element elementor-element-712a8e4 elementor-widget elementor-widget-text-editor\" data-id=\"712a8e4\" data-element_type=\"widget\" data-widget_type=\"text-editor.default\">\n\t\t\t\t<div class=\"elementor-widget-container\">\n\t\t\t\t\t\t\tTitolare del trattamento \u00e8 <strong>ANVE &#8211; Associazione Nazionale Vivaisti Esportatori<\/strong>\n<br>\nSede legale: Via Birmania 81, 00144 Roma\n<br>\nE-mail: <a href=\"mailto:segreteria@anve.it\">segreteria@anve.it<\/a>\t\t\t\t\t\t<\/div>\n\t\t\t\t<\/div>\n\t\t\t\t<div class=\"elementor-element elementor-element-401d6b4 elementor-widget elementor-widget-spacer\" data-id=\"401d6b4\" data-element_type=\"widget\" data-widget_type=\"spacer.default\">\n\t\t\t\t<div class=\"elementor-widget-container\">\n\t\t\t\t\t<div class=\"elementor-spacer\">\n\t\t\t<div class=\"elementor-spacer-inner\"><\/div>\n\t\t<\/div>\n\t\t\t\t<\/div>\n\t\t\t\t<\/div>\n\t\t\t\t\t<\/div>\n\t\t<\/div>\n\t\t\t\t\t\t\t<\/div>\n\t\t<\/section>\n\t\t\t\t\t\t\t<\/div>\n\t\t","protected":false},"excerpt":{"rendered":"<p>INFORMATIVA PRIVACY ANVE \u2013 Associazione Nazionale Vivaisti Esportatori, in qualit\u00e0 di Titolare del trattamento, con la presente La informa ai sensi dell\u2019articolo 13 del Regolamento UE 2016\/679 in materia protezione dei dati personali (di seguito Regolamento), che i dati da Lei forniti verranno trattati come segue: Tipologia di dati trattati Potranno essere oggetto di trattamento [&hellip;]<\/p>\n","protected":false},"author":1,"featured_media":0,"parent":0,"menu_order":0,"comment_status":"closed","ping_status":"closed","template":"elementor_header_footer","meta":{"footnotes":""},"class_list":["post-3639","page","type-page","status-publish","hentry"],"yoast_head":"<!-- This site is optimized with the Yoast SEO plugin v21.4 - https:\/\/yoast.com\/wordpress\/plugins\/seo\/ -->\n<title>Phytoweb | Informativa Privacy<\/title>\n<meta name=\"description\" content=\"Informativa Privacy\" \/>\n<meta name=\"robots\" content=\"noindex, follow, max-snippet:-1, max-image-preview:large, max-video-preview:-1\" \/>\n<meta property=\"og:locale\" content=\"it_IT\" \/>\n<meta property=\"og:type\" content=\"article\" \/>\n<meta property=\"og:title\" content=\"Phytoweb | Informativa Privacy\" \/>\n<meta property=\"og:description\" content=\"Informativa Privacy\" \/>\n<meta property=\"og:url\" content=\"https:\/\/www.anve.it\/phytoweb\/informativa-privacy\/\" \/>\n<meta property=\"article:modified_time\" content=\"2023-05-26T12:20:33+00:00\" \/>\n<meta name=\"twitter:card\" content=\"summary_large_image\" \/>\n<meta name=\"twitter:label1\" content=\"Tempo di lettura stimato\" \/>\n\t<meta name=\"twitter:data1\" content=\"4 minuti\" \/>\n<script type=\"application\/ld+json\" class=\"yoast-schema-graph\">{\"@context\":\"https:\/\/schema.org\",\"@graph\":[{\"@type\":\"WebPage\",\"@id\":\"https:\/\/www.anve.it\/phytoweb\/informativa-privacy\/\",\"url\":\"https:\/\/www.anve.it\/phytoweb\/informativa-privacy\/\",\"name\":\"Phytoweb | Informativa Privacy\",\"isPartOf\":{\"@id\":\"https:\/\/www.anve.it\/phytoweb\/#website\"},\"datePublished\":\"2022-11-10T14:14:59+00:00\",\"dateModified\":\"2023-05-26T12:20:33+00:00\",\"description\":\"Informativa Privacy\",\"inLanguage\":\"it-IT\",\"potentialAction\":[{\"@type\":\"ReadAction\",\"target\":[\"https:\/\/www.anve.it\/phytoweb\/informativa-privacy\/\"]}]},{\"@type\":\"WebSite\",\"@id\":\"https:\/\/www.anve.it\/phytoweb\/#website\",\"url\":\"https:\/\/www.anve.it\/phytoweb\/\",\"name\":\"\",\"description\":\"\",\"potentialAction\":[{\"@type\":\"SearchAction\",\"target\":{\"@type\":\"EntryPoint\",\"urlTemplate\":\"https:\/\/www.anve.it\/phytoweb\/?s={search_term_string}\"},\"query-input\":\"required name=search_term_string\"}],\"inLanguage\":\"it-IT\"}]}<\/script>\n<!-- \/ Yoast SEO plugin. -->","yoast_head_json":{"title":"Phytoweb | Informativa Privacy","description":"Informativa Privacy","robots":{"index":"noindex","follow":"follow","max-snippet":"max-snippet:-1","max-image-preview":"max-image-preview:large","max-video-preview":"max-video-preview:-1"},"og_locale":"it_IT","og_type":"article","og_title":"Phytoweb | Informativa Privacy","og_description":"Informativa Privacy","og_url":"https:\/\/www.anve.it\/phytoweb\/informativa-privacy\/","article_modified_time":"2023-05-26T12:20:33+00:00","twitter_card":"summary_large_image","twitter_misc":{"Tempo di lettura stimato":"4 minuti"},"schema":{"@context":"https:\/\/schema.org","@graph":[{"@type":"WebPage","@id":"https:\/\/www.anve.it\/phytoweb\/informativa-privacy\/","url":"https:\/\/www.anve.it\/phytoweb\/informativa-privacy\/","name":"Phytoweb | Informativa Privacy","isPartOf":{"@id":"https:\/\/www.anve.it\/phytoweb\/#website"},"datePublished":"2022-11-10T14:14:59+00:00","dateModified":"2023-05-26T12:20:33+00:00","description":"Informativa Privacy","inLanguage":"it-IT","potentialAction":[{"@type":"ReadAction","target":["https:\/\/www.anve.it\/phytoweb\/informativa-privacy\/"]}]},{"@type":"WebSite","@id":"https:\/\/www.anve.it\/phytoweb\/#website","url":"https:\/\/www.anve.it\/phytoweb\/","name":"","description":"","potentialAction":[{"@type":"SearchAction","target":{"@type":"EntryPoint","urlTemplate":"https:\/\/www.anve.it\/phytoweb\/?s={search_term_string}"},"query-input":"required name=search_term_string"}],"inLanguage":"it-IT"}]}},"_links":{"self":[{"href":"https:\/\/www.anve.it\/phytoweb\/wp-json\/wp\/v2\/pages\/3639","targetHints":{"allow":["GET"]}}],"collection":[{"href":"https:\/\/www.anve.it\/phytoweb\/wp-json\/wp\/v2\/pages"}],"about":[{"href":"https:\/\/www.anve.it\/phytoweb\/wp-json\/wp\/v2\/types\/page"}],"author":[{"embeddable":true,"href":"https:\/\/www.anve.it\/phytoweb\/wp-json\/wp\/v2\/users\/1"}],"replies":[{"embeddable":true,"href":"https:\/\/www.anve.it\/phytoweb\/wp-json\/wp\/v2\/comments?post=3639"}],"version-history":[{"count":32,"href":"https:\/\/www.anve.it\/phytoweb\/wp-json\/wp\/v2\/pages\/3639\/revisions"}],"predecessor-version":[{"id":5911,"href":"https:\/\/www.anve.it\/phytoweb\/wp-json\/wp\/v2\/pages\/3639\/revisions\/5911"}],"wp:attachment":[{"href":"https:\/\/www.anve.it\/phytoweb\/wp-json\/wp\/v2\/media?parent=3639"}],"curies":[{"name":"wp","href":"https:\/\/api.w.org\/{rel}","templated":true}]}}